{"id":322,"date":"2023-03-11T14:07:09","date_gmt":"2023-03-11T14:07:09","guid":{"rendered":"https:\/\/maxmedia.info.pl\/?post_type=product&#038;p=322"},"modified":"2023-03-11T14:26:50","modified_gmt":"2023-03-11T14:26:50","slug":"wizytowki-kolorowe-dwustronne-rozmiar-88x55-mm","status":"publish","type":"product","link":"https:\/\/maxmedia.info.pl\/?product=wizytowki-kolorowe-dwustronne-rozmiar-88x55-mm","title":{"rendered":"Wizyt\u00f3wki kolorowe, dwustronne. Rozmiar: 88&#215;55 mm"},"content":{"rendered":"<p>Druk wizyt\u00f3wek dwustronnych na papierach najwy\u017cszej jako\u015bci \u2013 kredowych matowych lub b\u0142yszcz\u0105cych, satynowanych o gramaturze 300 lub 350 gr.<\/p>\n","protected":false},"excerpt":{"rendered":"<p>Druk wizyt\u00f3wek dwustronnych.<\/p>\n","protected":false},"featured_media":324,"comment_status":"open","ping_status":"closed","template":"","meta":[],"product_cat":[44],"product_tag":[46,47,48,45],"class_list":{"0":"post-322","1":"product","2":"type-product","3":"status-publish","4":"has-post-thumbnail","6":"product_cat-wizytowki","7":"product_tag-business-cart","8":"product_tag-dwustronne","9":"product_tag-kolorowe","10":"product_tag-wizytowki","12":"first","13":"instock","14":"shipping-taxable","15":"purchasable","16":"product-type-simple","17":"czr-hentry"},"_links":{"self":[{"href":"https:\/\/maxmedia.info.pl\/index.php?rest_route=\/wp\/v2\/product\/322","targetHints":{"allow":["GET"]}}],"collection":[{"href":"https:\/\/maxmedia.info.pl\/index.php?rest_route=\/wp\/v2\/product"}],"about":[{"href":"https:\/\/maxmedia.info.pl\/index.php?rest_route=\/wp\/v2\/types\/product"}],"replies":[{"embeddable":true,"href":"https:\/\/maxmedia.info.pl\/index.php?rest_route=%2Fwp%2Fv2%2Fcomments&post=322"}],"wp:featuredmedia":[{"embeddable":true,"href":"https:\/\/maxmedia.info.pl\/index.php?rest_route=\/wp\/v2\/media\/324"}],"wp:attachment":[{"href":"https:\/\/maxmedia.info.pl\/index.php?rest_route=%2Fwp%2Fv2%2Fmedia&parent=322"}],"wp:term":[{"taxonomy":"product_cat","embeddable":true,"href":"https:\/\/maxmedia.info.pl\/index.php?rest_route=%2Fwp%2Fv2%2Fproduct_cat&post=322"},{"taxonomy":"product_tag","embeddable":true,"href":"https:\/\/maxmedia.info.pl\/index.php?rest_route=%2Fwp%2Fv2%2Fproduct_tag&post=322"}],"curies":[{"name":"wp","href":"https:\/\/api.w.org\/{rel}","templated":true}]}}